{"id":2,"date":"2026-05-04T17:28:58","date_gmt":"2026-05-04T17:28:58","guid":{"rendered":"http:\/\/foximusic.com\/blog\/?page_id=2"},"modified":"2026-05-06T13:57:11","modified_gmt":"2026-05-06T13:57:11","slug":"acerca-de","status":"publish","type":"page","link":"https:\/\/www.foximusic.com\/blog\/es\/about\/","title":{"rendered":"Acerca del blog"},"content":{"rendered":"<h2 class=\"wp-block-heading\">El centro de recursos sin florituras para los creadores modernos<\/h2>\n\n\n\n<p>Ya sea que est\u00e9s editando tu pr\u00f3ximo video de YouTube a medianoche, grabando un episodio de podcast entre reuniones o corriendo para terminar un anuncio para un cliente antes de la fecha l\u00edmite, ya conoces esa sensaci\u00f3n: demasiadas herramientas, muy poco tiempo y una sola elecci\u00f3n musical equivocada que te separe de recibir una advertencia por derechos de autor.<\/p>\n\n\n\n<p>Por eso precisamente existe el blog de Foxi.<\/p>\n\n\n\n<h2 class=\"wp-block-heading\">De qu\u00e9 trata este blog<\/h2>\n\n\n\n<p>Foxi Blog es el blog educativo para creadores impulsado por Foximusic, creado en torno a una idea: <strong>Los creadores serios merecen recursos serios<\/strong>.<\/p>\n\n\n\n<ul class=\"wp-block-list\">\n<li><strong>Res\u00famenes y tutoriales sobre herramientas de IA<\/strong> \u2013 Probado, honesto, sin exageraciones<\/li>\n\n\n\n<li><strong>Gu\u00edas espec\u00edficas para cada plataforma<\/strong> para YouTube, Instagram Reels, TikTok, los podcasts de Spotify y mucho m\u00e1s<\/li>\n\n\n\n<li><strong>Interrupciones en el flujo de trabajo<\/strong> que te ahorran horas cada semana<\/li>\n\n\n\n<li><strong>Selecci\u00f3n de m\u00fasica libre de derechos de autor<\/strong> seleccionados seg\u00fan estado de \u00e1nimo, formato y caso de uso<\/li>\n\n\n\n<li><strong>Gu\u00edas de seguridad sobre derechos de autor<\/strong> para que tu contenido nunca sea silenciado, marcado o desmonetizado<\/li>\n<\/ul>\n\n\n\n<p>Escribimos para creadores que est\u00e1n construyendo algo real, no para aficionados que buscan trucos r\u00e1pidos.<\/p>\n\n\n\n<h2 class=\"wp-block-heading\">A qui\u00e9n va dirigido<\/h2>\n\n\n\n<p>El blog est\u00e1 dirigido espec\u00edficamente a:<\/p>\n\n\n\n<ul class=\"wp-block-list\">\n<li><strong>YouTubers y creadores de Shorts<\/strong> desarrollar un canal y proteger su monetizaci\u00f3n<\/li>\n\n\n\n<li><strong>Podcasters<\/strong> en busca de mejores herramientas, mejor sonido y un p\u00fablico m\u00e1s amplio<\/li>\n\n\n\n<li><strong>Editores de v\u00eddeo y cineastas<\/strong> que sienten un profundo aprecio por el oficio<\/li>\n\n\n\n<li><strong>Profesionales del marketing y equipos de marca<\/strong> producci\u00f3n de anuncios, contenido de marca y v\u00eddeos para redes sociales<\/li>\n\n\n\n<li><strong>Creadores de cursos y docentes<\/strong> que buscan una producci\u00f3n de calidad profesional sin tener que pasar por un proceso de aprendizaje<\/li>\n<\/ul>\n\n\n\n<p>Si te dedicas a crear contenido \u2014o tienes pensado hacerlo\u2014, este blog est\u00e1 escrito para ti.<\/p>\n\n\n\n<h2 class=\"wp-block-heading\">La persona detr\u00e1s de las publicaciones<\/h2>\n\n\n\n<p><strong>Andrew Williams<\/strong> es el estratega creativo y redactor principal de Foximusic Studio. Con experiencia pr\u00e1ctica en la producci\u00f3n de YouTube, los flujos de trabajo de podcasts y la estrategia de contenido digital, Andrew escribe bas\u00e1ndose en su experiencia real, no en la teor\u00eda.<\/p>\n\n\n\n<p>Cada gu\u00eda, rese\u00f1a de herramientas y consejo sobre flujos de trabajo que se publica aqu\u00ed ha sido investigado, probado o puesto en pr\u00e1ctica por Andrew y el equipo de Foximusic. Sin contenido de relleno. Sin listas recicladas. Solo lo que realmente marca la diferencia.<\/p>\n\n\n\n<blockquote class=\"wp-block-quote is-layout-flow wp-block-quote-is-layout-flow\">\n<p>\u00bfHay alg\u00fan tema que te gustar\u00eda que trat\u00e1ramos? Escr\u00edbenos a <a href=\"mailto:hello@foximusic.com\">hello@foximusic.com<\/a><\/p>\n<\/blockquote>\n\n\n\n<h2 class=\"wp-block-heading\">Por qu\u00e9 Foximusic ha creado este blog<\/h2>\n\n\n\n<p>Foximusic es un <a href=\"https:\/\/www.foximusic.com\/\">plataforma de m\u00fasica libre de derechos<\/a> \u2013 pero nuestra misi\u00f3n va m\u00e1s all\u00e1 de las canciones y las licencias. Creemos que todo creador, independientemente de su presupuesto o nivel de experiencia, merece:<\/p>\n\n\n\n<ul class=\"wp-block-list\">\n<li><strong>Excelente sonido<\/strong> eso es lo que hace que su contenido destaque<\/li>\n\n\n\n<li><strong>Sin preocupaciones por los derechos de autor<\/strong> en todas las plataformas en las que publican<\/li>\n\n\n\n<li><strong>El conocimiento<\/strong> para desarrollar su oficio, ampliar su p\u00fablico y hacer crecer su negocio<\/li>\n<\/ul>\n\n\n\n<p>El blog de Foxi es nuestra forma de retribuir a la comunidad de creadores que impulsa todo lo que hacemos.<\/p>\n\n\n\n<h2 class=\"wp-block-heading\">La promesa de Foximusic<\/h2>\n\n\n\n<p>Todas las piezas musicales de la biblioteca de Foximusic cuentan con la licencia 100%, libre de derechos de autor y con autorizaci\u00f3n comercial, por lo que se pueden utilizar con total tranquilidad en YouTube, Instagram, Spotify, TikTok, anuncios de Facebook, cursos en l\u00ednea, proyectos para clientes y mucho m\u00e1s. Sin cargos ocultos. Sin reclamaciones inesperadas. Sin problemas legales.<\/p>\n\n\n\n<blockquote class=\"wp-block-quote is-layout-flow wp-block-quote-is-layout-flow\">\n<p><em>Mejor sonido. Creaci\u00f3n m\u00e1s r\u00e1pida. Crecimiento m\u00e1s inteligente.<\/em><\/p>\n<\/blockquote>\n\n\n\n<div class=\"wp-block-buttons is-content-justification-center is-layout-flex wp-container-core-buttons-is-layout-a89b3969 wp-block-buttons-is-layout-flex\">\n<div class=\"wp-block-button\"><a class=\"wp-block-button__link wp-element-button\" href=\"https:\/\/www.foximusic.com\/royalty-free-music\" target=\"_blank\" rel=\"noreferrer noopener\">Explorar la biblioteca musical \u2192<\/a><\/div>\n\n\n\n<div class=\"wp-block-button\"><a class=\"wp-block-button__link wp-element-button\" href=\"https:\/\/www.foximusic.com\/blog\/es\/\">Empieza a leer el blog \u2192<\/a><\/div>\n\n\n\n<div class=\"wp-block-button\"><a class=\"wp-block-button__link wp-element-button\" href=\"https:\/\/www.foximusic.com\/pricing\" target=\"_blank\" rel=\"noreferrer noopener\">Ver planes de licencia musical \u2192<\/a><\/div>\n<\/div>\n\n\n\n<p><\/p>","protected":false},"excerpt":{"rendered":"El centro de recursos sin florituras para los creadores modernos. Ya sea que est\u00e9s editando tu pr\u00f3ximo video de YouTube a medianoche, grabando un\u2026","protected":false},"author":1,"featured_media":0,"parent":0,"menu_order":0,"comment_status":"closed","ping_status":"open","template":"","meta":{"csco_display_header_overlay":false,"csco_singular_sidebar":"","csco_page_header_type":"","csco_page_load_nextpost":"","csco_page_reading_time":"","csco_page_toc_navigation":"","csco_post_video_location":[],"csco_post_video_location_hash":"","csco_post_video_url":"","csco_post_video_bg_start_time":0,"csco_post_video_bg_end_time":0,"csco_post_video_bg_volume":false,"footnotes":""},"class_list":{"0":"post-2","1":"page","2":"type-page","3":"status-publish","5":"cs-entry","6":"cs-video-wrap"},"_links":{"self":[{"href":"https:\/\/www.foximusic.com\/blog\/es\/wp-json\/wp\/v2\/pages\/2","targetHints":{"allow":["GET"]}}],"collection":[{"href":"https:\/\/www.foximusic.com\/blog\/es\/wp-json\/wp\/v2\/pages"}],"about":[{"href":"https:\/\/www.foximusic.com\/blog\/es\/wp-json\/wp\/v2\/types\/page"}],"author":[{"embeddable":true,"href":"https:\/\/www.foximusic.com\/blog\/es\/wp-json\/wp\/v2\/users\/1"}],"replies":[{"embeddable":true,"href":"https:\/\/www.foximusic.com\/blog\/es\/wp-json\/wp\/v2\/comments?post=2"}],"version-history":[{"count":5,"href":"https:\/\/www.foximusic.com\/blog\/es\/wp-json\/wp\/v2\/pages\/2\/revisions"}],"predecessor-version":[{"id":134,"href":"https:\/\/www.foximusic.com\/blog\/es\/wp-json\/wp\/v2\/pages\/2\/revisions\/134"}],"wp:attachment":[{"href":"https:\/\/www.foximusic.com\/blog\/es\/wp-json\/wp\/v2\/media?parent=2"}],"curies":[{"name":"wp","href":"https:\/\/api.w.org\/{rel}","templated":true}]}}